{"id":4519,"date":"2020-06-22T14:40:04","date_gmt":"2020-06-22T12:40:04","guid":{"rendered":"https:\/\/net-basis.net\/?page_id=4519"},"modified":"2020-06-22T14:47:04","modified_gmt":"2020-06-22T12:47:04","slug":"business-development-consulting-services","status":"publish","type":"page","link":"https:\/\/net-basis.net\/en\/geschaeftsbereiche\/business-development\/business-development-consulting-services\/","title":{"rendered":"Business Development &#8211; Consulting Services"},"content":{"rendered":"<div data-elementor-type=\"wp-page\" data-elementor-id=\"4519\" class=\"elementor elementor-4519\">\n\t\t\t\t\t\t<div class=\"elementor-inner\">\n\t\t\t\t<div class=\"elementor-section-wrap\">\n\t\t\t\t\t\t\t\t\t<section class=\"elementor-section elementor-top-section elementor-element elementor-element-e6baf86 elementor-section-height-min-height elementor-section-boxed elementor-section-height-default elementor-section-items-middle\" data-id=\"e6baf86\" data-element_type=\"section\" data-settings=\"{&quot;background_background&quot;:&quot;gradient&quot;,&quot;shape_divider_bottom&quot;:&quot;opacity-tilt&quot;}\">\n\t\t\t\t\t<div class=\"elementor-shape elementor-shape-bottom\" data-negative=\"false\">\n\t\t\t<svg xmlns=\"http:\/\/www.w3.org\/2000\/svg\" viewbox=\"0 0 2600 131.1\" preserveaspectratio=\"none\">\n\t<path class=\"elementor-shape-fill\" d=\"M0 0L2600 0 2600 69.1 0 0z\"\/>\n\t<path class=\"elementor-shape-fill\" style=\"opacity:0.5\" d=\"M0 0L2600 0 2600 69.1 0 69.1z\"\/>\n\t<path class=\"elementor-shape-fill\" style=\"opacity:0.25\" d=\"M2600 0L0 0 0 130.1 2600 69.1z\"\/>\n<\/svg>\t\t<\/div>\n\t\t\t\t\t<div class=\"elementor-container elementor-column-gap-no\">\n\t\t\t\t\t\t\t<div class=\"elementor-row\">\n\t\t\t\t\t<div class=\"elementor-column elementor-col-100 elementor-top-column elementor-element elementor-element-da269f9\" data-id=\"da269f9\" data-element_type=\"column\" data-settings=\"{&quot;background_background&quot;:&quot;classic&quot;}\">\n\t\t\t<div class=\"elementor-column-wrap elementor-element-populated\">\n\t\t\t\t\t\t\t<div class=\"elementor-widget-wrap\">\n\t\t\t\t\t\t\t\t<\/div>\n\t\t\t\t\t<\/div>\n\t\t<\/div>\n\t\t\t\t\t\t\t\t<\/div>\n\t\t\t\t\t<\/div>\n\t\t<\/section>\n\t\t\t\t<section class=\"elementor-section elementor-top-section elementor-element elementor-element-e67b359 elementor-section-boxed elementor-section-height-default elementor-section-height-default\" data-id=\"e67b359\" data-element_type=\"section\">\n\t\t\t\t\t\t<div class=\"elementor-container elementor-column-gap-default\">\n\t\t\t\t\t\t\t<div class=\"elementor-row\">\n\t\t\t\t\t<div class=\"elementor-column elementor-col-50 elementor-top-column elementor-element elementor-element-eb690d9\" data-id=\"eb690d9\" data-element_type=\"column\">\n\t\t\t<div class=\"elementor-column-wrap elementor-element-populated\">\n\t\t\t\t\t\t\t<div class=\"elementor-widget-wrap\">\n\t\t\t\t\t\t<div class=\"elementor-element elementor-element-208822f elementor-widget elementor-widget-heading\" data-id=\"208822f\" data-element_type=\"widget\" data-widget_type=\"heading.default\">\n\t\t\t\t<div class=\"elementor-widget-container\">\n\t\t\t<h2 class=\"elementor-heading-title elementor-size-default\"><a href=\"https:\/\/net-basis.net\/en\/geschaeftsbereiche\/business-development\/\">\u00ab Business Development<\/a><\/h2>\t\t<\/div>\n\t\t\t\t<\/div>\n\t\t\t\t<div class=\"elementor-element elementor-element-24946cc elementor-nav-menu__align-left elementor-nav-menu--dropdown-none elementor-widget elementor-widget-nav-menu\" data-id=\"24946cc\" data-element_type=\"widget\" data-settings=\"{&quot;layout&quot;:&quot;vertical&quot;,&quot;submenu_icon&quot;:{&quot;value&quot;:&quot;&lt;i class=\\&quot;\\&quot;&gt;&lt;\\\/i&gt;&quot;,&quot;library&quot;:&quot;&quot;}}\" data-widget_type=\"nav-menu.default\">\n\t\t\t\t<div class=\"elementor-widget-container\">\n\t\t\t\t\t\t<nav migration_allowed=\"1\" migrated=\"0\" class=\"elementor-nav-menu--main elementor-nav-menu__container elementor-nav-menu--layout-vertical e--pointer-text e--animation-none\">\n\t\t\t\t<ul id=\"menu-1-24946cc\" class=\"elementor-nav-menu sm-vertical\"><li class=\"menu-item menu-item-type-post_type menu-item-object-page menu-item-3578\"><a href=\"https:\/\/net-basis.net\/en\/geschaeftsbereiche\/business-development\/geschaeftspraesenz\/\" class=\"elementor-item\">Business Presence<\/a><\/li>\n<li class=\"menu-item menu-item-type-post_type menu-item-object-page menu-item-3577\"><a href=\"https:\/\/net-basis.net\/en\/geschaeftsbereiche\/business-development\/full-service-angebot\/\" class=\"elementor-item\">Full-Service Offer<\/a><\/li>\n<li class=\"menu-item menu-item-type-post_type menu-item-object-page menu-item-4522\"><a href=\"https:\/\/net-basis.net\/en\/geschaeftsbereiche\/business-development\/business-development-consulting-services\/\" class=\"elementor-item\">Consulting Services<\/a><\/li>\n<li class=\"menu-item menu-item-type-post_type menu-item-object-page menu-item-3583\"><a href=\"https:\/\/net-basis.net\/en\/geschaeftsbereiche\/business-development\/produktmanagement\/\" class=\"elementor-item\">Product Management<\/a><\/li>\n<li class=\"menu-item menu-item-type-post_type menu-item-object-page menu-item-3584\"><a href=\"https:\/\/net-basis.net\/en\/geschaeftsbereiche\/business-development\/projektmanagement\/\" class=\"elementor-item\">Project Management<\/a><\/li>\n<li class=\"menu-item menu-item-type-post_type menu-item-object-page menu-item-3581\"><a href=\"https:\/\/net-basis.net\/en\/geschaeftsbereiche\/business-development\/marktanalysen\/\" class=\"elementor-item\">Market Research<\/a><\/li>\n<li class=\"menu-item menu-item-type-post_type menu-item-object-page menu-item-3582\"><a href=\"https:\/\/net-basis.net\/en\/geschaeftsbereiche\/business-development\/markteintrittsstrategien\/\" class=\"elementor-item\">Market Entry Strategy<\/a><\/li>\n<li class=\"menu-item menu-item-type-post_type menu-item-object-page menu-item-3579\"><a href=\"https:\/\/net-basis.net\/en\/geschaeftsbereiche\/business-development\/importmanagement\/\" class=\"elementor-item\">Import Management<\/a><\/li>\n<li class=\"menu-item menu-item-type-post_type menu-item-object-page menu-item-3580\"><a href=\"https:\/\/net-basis.net\/en\/geschaeftsbereiche\/business-development\/internationaler-handel\/\" class=\"elementor-item\">International Trade<\/a><\/li>\n<li class=\"menu-item menu-item-type-post_type menu-item-object-page menu-item-3585\"><a href=\"https:\/\/net-basis.net\/en\/geschaeftsbereiche\/business-development\/technischer-support\/\" class=\"elementor-item\">Technical Support<\/a><\/li>\n<\/ul>\t\t\t<\/nav>\n\t\t\t\t\t\t<nav class=\"elementor-nav-menu--dropdown elementor-nav-menu__container\" aria-hidden=\"true\">\n\t\t\t\t<ul id=\"menu-2-24946cc\" class=\"elementor-nav-menu sm-vertical\"><li class=\"menu-item menu-item-type-post_type menu-item-object-page menu-item-3578\"><a href=\"https:\/\/net-basis.net\/en\/geschaeftsbereiche\/business-development\/geschaeftspraesenz\/\" class=\"elementor-item\" tabindex=\"-1\">Business Presence<\/a><\/li>\n<li class=\"menu-item menu-item-type-post_type menu-item-object-page menu-item-3577\"><a href=\"https:\/\/net-basis.net\/en\/geschaeftsbereiche\/business-development\/full-service-angebot\/\" class=\"elementor-item\" tabindex=\"-1\">Full-Service Offer<\/a><\/li>\n<li class=\"menu-item menu-item-type-post_type menu-item-object-page menu-item-4522\"><a href=\"https:\/\/net-basis.net\/en\/geschaeftsbereiche\/business-development\/business-development-consulting-services\/\" class=\"elementor-item\" tabindex=\"-1\">Consulting Services<\/a><\/li>\n<li class=\"menu-item menu-item-type-post_type menu-item-object-page menu-item-3583\"><a href=\"https:\/\/net-basis.net\/en\/geschaeftsbereiche\/business-development\/produktmanagement\/\" class=\"elementor-item\" tabindex=\"-1\">Product Management<\/a><\/li>\n<li class=\"menu-item menu-item-type-post_type menu-item-object-page menu-item-3584\"><a href=\"https:\/\/net-basis.net\/en\/geschaeftsbereiche\/business-development\/projektmanagement\/\" class=\"elementor-item\" tabindex=\"-1\">Project Management<\/a><\/li>\n<li class=\"menu-item menu-item-type-post_type menu-item-object-page menu-item-3581\"><a href=\"https:\/\/net-basis.net\/en\/geschaeftsbereiche\/business-development\/marktanalysen\/\" class=\"elementor-item\" tabindex=\"-1\">Market Research<\/a><\/li>\n<li class=\"menu-item menu-item-type-post_type menu-item-object-page menu-item-3582\"><a href=\"https:\/\/net-basis.net\/en\/geschaeftsbereiche\/business-development\/markteintrittsstrategien\/\" class=\"elementor-item\" tabindex=\"-1\">Market Entry Strategy<\/a><\/li>\n<li class=\"menu-item menu-item-type-post_type menu-item-object-page menu-item-3579\"><a href=\"https:\/\/net-basis.net\/en\/geschaeftsbereiche\/business-development\/importmanagement\/\" class=\"elementor-item\" tabindex=\"-1\">Import Management<\/a><\/li>\n<li class=\"menu-item menu-item-type-post_type menu-item-object-page menu-item-3580\"><a href=\"https:\/\/net-basis.net\/en\/geschaeftsbereiche\/business-development\/internationaler-handel\/\" class=\"elementor-item\" tabindex=\"-1\">International Trade<\/a><\/li>\n<li class=\"menu-item menu-item-type-post_type menu-item-object-page menu-item-3585\"><a href=\"https:\/\/net-basis.net\/en\/geschaeftsbereiche\/business-development\/technischer-support\/\" class=\"elementor-item\" tabindex=\"-1\">Technical Support<\/a><\/li>\n<\/ul>\t\t\t<\/nav>\n\t\t\t\t<\/div>\n\t\t\t\t<\/div>\n\t\t\t\t\t\t<\/div>\n\t\t\t\t\t<\/div>\n\t\t<\/div>\n\t\t\t\t<div class=\"elementor-column elementor-col-50 elementor-top-column elementor-element elementor-element-0b97b90\" data-id=\"0b97b90\" data-element_type=\"column\">\n\t\t\t<div class=\"elementor-column-wrap elementor-element-populated\">\n\t\t\t\t\t\t\t<div class=\"elementor-widget-wrap\">\n\t\t\t\t\t\t<div class=\"elementor-element elementor-element-6227769 elementor-widget elementor-widget-heading\" data-id=\"6227769\" data-element_type=\"widget\" data-widget_type=\"heading.default\">\n\t\t\t\t<div class=\"elementor-widget-container\">\n\t\t\t<h2 class=\"elementor-heading-title elementor-size-default\">Consulting Services<\/h2>\t\t<\/div>\n\t\t\t\t<\/div>\n\t\t\t\t<div class=\"elementor-element elementor-element-3522aab elementor-widget elementor-widget-text-editor\" data-id=\"3522aab\" data-element_type=\"widget\" data-widget_type=\"text-editor.default\">\n\t\t\t\t<div class=\"elementor-widget-container\">\n\t\t\t\t\t\t\t\t<div class=\"elementor-text-editor elementor-clearfix\">\n\t\t\t\t<p><b>NetBasis International<\/b> offers a full range of consulting services coming across from our own expertise and resources. The key to our client service is our ability to integrate our competence in functional areas with our experience in domain knowledge. We help our clients to find the best possible strategies and tactics to broaden their international business activities and to achieve their business goals in the shortest time possible.<\/p><p>Your benefit from our <em>Consulting Services<\/em> services include:<\/p><ul><li>Evaluation of the client\u2019s potential in the new markets<\/li><li>Definition of how to enter these new markets<\/li><li>Adaptation to the environmental differences of these new markets<\/li><li>Advisory service in the determination of the client\u2019s business goal<\/li><li>Creation of a strategic sales and marketing plan to achieve the client\u2019s business objectives<\/li><li>Help the client to plan and manage all activities involved in a successfull market entry<\/li><li>Advising management support on cross-cultural integration issues<\/li><li>Development of negotiation strategies and provision of requisite support<\/li><li>Coordination and collaboration with potential business partners (manufacturers, distributors, resellers, etc.)<\/li><\/ul>\t\t\t\t\t<\/div>\n\t\t\t\t\t\t<\/div>\n\t\t\t\t<\/div>\n\t\t\t\t\t\t<\/div>\n\t\t\t\t\t<\/div>\n\t\t<\/div>\n\t\t\t\t\t\t\t\t<\/div>\n\t\t\t\t\t<\/div>\n\t\t<\/section>\n\t\t\t\t<section class=\"elementor-section elementor-top-section elementor-element elementor-element-af73eb6 elementor-section-boxed elementor-section-height-default elementor-section-height-default\" data-id=\"af73eb6\" data-element_type=\"section\">\n\t\t\t\t\t\t<div class=\"elementor-container elementor-column-gap-default\">\n\t\t\t\t\t\t\t<div class=\"elementor-row\">\n\t\t\t\t\t<div class=\"elementor-column elementor-col-100 elementor-top-column elementor-element elementor-element-8e87681\" data-id=\"8e87681\" data-element_type=\"column\">\n\t\t\t<div class=\"elementor-column-wrap elementor-element-populated\">\n\t\t\t\t\t\t\t<div class=\"elementor-widget-wrap\">\n\t\t\t\t\t\t<div class=\"elementor-element elementor-element-716f9aa elementor-widget elementor-widget-template\" data-id=\"716f9aa\" data-element_type=\"widget\" data-widget_type=\"template.default\">\n\t\t\t\t<div class=\"elementor-widget-container\">\n\t\t\t\t\t<div class=\"elementor-template\">\n\t\t\t\t\t<div data-elementor-type=\"section\" data-elementor-id=\"4283\" class=\"elementor elementor-4283\">\n\t\t\t\t\t<div class=\"elementor-section-wrap\">\n\t\t\t\t\t\t\t\t<section class=\"elementor-section elementor-top-section elementor-element elementor-element-68ac129 elementor-section-boxed elementor-section-height-default elementor-section-height-default\" data-id=\"68ac129\" data-element_type=\"section\">\n\t\t\t\t\t\t<div class=\"elementor-container elementor-column-gap-default\">\n\t\t\t\t\t\t\t<div class=\"elementor-row\">\n\t\t\t\t\t<div class=\"elementor-column elementor-col-100 elementor-top-column elementor-element elementor-element-20da6775\" data-id=\"20da6775\" data-element_type=\"column\">\n\t\t\t<div class=\"elementor-column-wrap elementor-element-populated\">\n\t\t\t\t\t\t\t<div class=\"elementor-widget-wrap\">\n\t\t\t\t\t\t<div class=\"elementor-element elementor-element-4ebb7068 elementor-widget elementor-widget-heading\" data-id=\"4ebb7068\" data-element_type=\"widget\" data-widget_type=\"heading.default\">\n\t\t\t\t<div class=\"elementor-widget-container\">\n\t\t\t<h2 class=\"elementor-heading-title elementor-size-default\">NetBasis International - drive to excellence with excellent drivers !<\/h2>\t\t<\/div>\n\t\t\t\t<\/div>\n\t\t\t\t\t\t<\/div>\n\t\t\t\t\t<\/div>\n\t\t<\/div>\n\t\t\t\t\t\t\t\t<\/div>\n\t\t\t\t\t<\/div>\n\t\t<\/section>\n\t\t\t\t\t\t\t<\/div>\n\t\t\t\t<\/div>\n\t\t\t\t<\/div>\n\t\t\t\t<\/div>\n\t\t\t\t<\/div>\n\t\t\t\t\t\t<\/div>\n\t\t\t\t\t<\/div>\n\t\t<\/div>\n\t\t\t\t\t\t\t\t<\/div>\n\t\t\t\t\t<\/div>\n\t\t<\/section>\n\t\t\t\t\t\t\t\t\t<\/div>\n\t\t\t<\/div>\n\t\t\t\t\t<\/div>","protected":false},"excerpt":{"rendered":"<p>\u00ab Business Development Consulting Services NetBasis International bietet ein umfangreiches Spektrum an Beratungsleistungen, basierend auf unseren eigenen Fachkompetenzen und Ressourcen. Der Schl\u00fcssel unserer Beratungsleistungen ist die F\u00e4higkeit, fundiertes Sachwissen in Verbindung mit tiefem Verst\u00e4ndnis f\u00fcr das Gesch\u00e4ft unserer Partner in praktikable L\u00f6sungen umzusetzen. Wir helfen unseren Kunden, die bestm\u00f6glichen Strategien und Taktiken zu entwickeln und [&hellip;]<\/p>\n","protected":false},"author":3,"featured_media":0,"parent":3347,"menu_order":0,"comment_status":"closed","ping_status":"closed","template":"","meta":{"footnotes":""},"class_list":["post-4519","page","type-page","status-publish","hentry"],"_links":{"self":[{"href":"https:\/\/net-basis.net\/en\/wp-json\/wp\/v2\/pages\/4519","targetHints":{"allow":["GET"]}}],"collection":[{"href":"https:\/\/net-basis.net\/en\/wp-json\/wp\/v2\/pages"}],"about":[{"href":"https:\/\/net-basis.net\/en\/wp-json\/wp\/v2\/types\/page"}],"author":[{"embeddable":true,"href":"https:\/\/net-basis.net\/en\/wp-json\/wp\/v2\/users\/3"}],"replies":[{"embeddable":true,"href":"https:\/\/net-basis.net\/en\/wp-json\/wp\/v2\/comments?post=4519"}],"version-history":[{"count":3,"href":"https:\/\/net-basis.net\/en\/wp-json\/wp\/v2\/pages\/4519\/revisions"}],"predecessor-version":[{"id":4523,"href":"https:\/\/net-basis.net\/en\/wp-json\/wp\/v2\/pages\/4519\/revisions\/4523"}],"up":[{"embeddable":true,"href":"https:\/\/net-basis.net\/en\/wp-json\/wp\/v2\/pages\/3347"}],"wp:attachment":[{"href":"https:\/\/net-basis.net\/en\/wp-json\/wp\/v2\/media?parent=4519"}],"curies":[{"name":"wp","href":"https:\/\/api.w.org\/{rel}","templated":true}]}}