{"id":3813,"date":"2020-01-17T10:26:37","date_gmt":"2020-01-17T09:26:37","guid":{"rendered":"http:\/\/net-basis.net\/?page_id=3813"},"modified":"2026-03-08T18:10:54","modified_gmt":"2026-03-08T17:10:54","slug":"impressum","status":"publish","type":"page","link":"https:\/\/net-basis.net\/en\/impressum\/","title":{"rendered":"Legal Disclosure"},"content":{"rendered":"<div data-elementor-type=\"wp-page\" data-elementor-id=\"3813\" class=\"elementor elementor-3813\">\n\t\t\t\t\t\t<div class=\"elementor-inner\">\n\t\t\t\t<div class=\"elementor-section-wrap\">\n\t\t\t\t\t\t\t\t\t<section class=\"elementor-section elementor-top-section elementor-element elementor-element-5915cfd8 elementor-section-height-min-height elementor-section-boxed elementor-section-height-default elementor-section-items-middle\" data-id=\"5915cfd8\" data-element_type=\"section\" data-settings=\"{&quot;background_background&quot;:&quot;gradient&quot;,&quot;shape_divider_bottom&quot;:&quot;opacity-tilt&quot;}\">\n\t\t\t\t\t<div class=\"elementor-shape elementor-shape-bottom\" data-negative=\"false\">\n\t\t\t<svg xmlns=\"http:\/\/www.w3.org\/2000\/svg\" viewbox=\"0 0 2600 131.1\" preserveaspectratio=\"none\">\n\t<path class=\"elementor-shape-fill\" d=\"M0 0L2600 0 2600 69.1 0 0z\"\/>\n\t<path class=\"elementor-shape-fill\" style=\"opacity:0.5\" d=\"M0 0L2600 0 2600 69.1 0 69.1z\"\/>\n\t<path class=\"elementor-shape-fill\" style=\"opacity:0.25\" d=\"M2600 0L0 0 0 130.1 2600 69.1z\"\/>\n<\/svg>\t\t<\/div>\n\t\t\t\t\t<div class=\"elementor-container elementor-column-gap-no\">\n\t\t\t\t\t\t\t<div class=\"elementor-row\">\n\t\t\t\t\t<div class=\"elementor-column elementor-col-100 elementor-top-column elementor-element elementor-element-711b50e9\" data-id=\"711b50e9\" data-element_type=\"column\" data-settings=\"{&quot;background_background&quot;:&quot;classic&quot;}\">\n\t\t\t<div class=\"elementor-column-wrap elementor-element-populated\">\n\t\t\t\t\t\t\t<div class=\"elementor-widget-wrap\">\n\t\t\t\t\t\t<div class=\"elementor-element elementor-element-45e9ee7 elementor-widget elementor-widget-image\" data-id=\"45e9ee7\" data-element_type=\"widget\" data-widget_type=\"image.default\">\n\t\t\t\t<div class=\"elementor-widget-container\">\n\t\t\t\t\t\t\t\t<div class=\"elementor-image\">\n\t\t\t\t\t\t\t\t\t\t\t\t<img loading=\"lazy\" decoding=\"async\" width=\"800\" height=\"308\" src=\"https:\/\/net-basis.net\/wp-content\/uploads\/2020\/01\/crop33772-1024x394.jpg\" class=\"attachment-large size-large wp-image-3810\" alt=\"Datenschutz\" srcset=\"https:\/\/net-basis.net\/wp-content\/uploads\/2020\/01\/crop33772-1024x394.jpg 1024w, https:\/\/net-basis.net\/wp-content\/uploads\/2020\/01\/crop33772-300x115.jpg 300w, https:\/\/net-basis.net\/wp-content\/uploads\/2020\/01\/crop33772-768x295.jpg 768w, https:\/\/net-basis.net\/wp-content\/uploads\/2020\/01\/crop33772.jpg 1040w\" sizes=\"auto, (max-width: 800px) 100vw, 800px\" \/>\t\t\t\t\t\t\t\t\t\t\t\t\t\t<\/div>\n\t\t\t\t\t\t<\/div>\n\t\t\t\t<\/div>\n\t\t\t\t\t\t<\/div>\n\t\t\t\t\t<\/div>\n\t\t<\/div>\n\t\t\t\t\t\t\t\t<\/div>\n\t\t\t\t\t<\/div>\n\t\t<\/section>\n\t\t\t\t<section class=\"elementor-section elementor-top-section elementor-element elementor-element-562a5c6 elementor-section-boxed elementor-section-height-default elementor-section-height-default\" data-id=\"562a5c6\" data-element_type=\"section\">\n\t\t\t\t\t\t<div class=\"elementor-container elementor-column-gap-default\">\n\t\t\t\t\t\t\t<div class=\"elementor-row\">\n\t\t\t\t\t<div class=\"elementor-column elementor-col-50 elementor-top-column elementor-element elementor-element-77d8bd9\" data-id=\"77d8bd9\" data-element_type=\"column\">\n\t\t\t<div class=\"elementor-column-wrap elementor-element-populated\">\n\t\t\t\t\t\t\t<div class=\"elementor-widget-wrap\">\n\t\t\t\t\t\t<div class=\"elementor-element elementor-element-6cd63c9 elementor-widget elementor-widget-heading\" data-id=\"6cd63c9\" data-element_type=\"widget\" data-widget_type=\"heading.default\">\n\t\t\t\t<div class=\"elementor-widget-container\">\n\t\t\t<h2 class=\"elementor-heading-title elementor-size-default\">Legal Disclosure<\/h2>\t\t<\/div>\n\t\t\t\t<\/div>\n\t\t\t\t<div class=\"elementor-element elementor-element-9478372 elementor-widget elementor-widget-text-editor\" data-id=\"9478372\" data-element_type=\"widget\" data-widget_type=\"text-editor.default\">\n\t\t\t\t<div class=\"elementor-widget-container\">\n\t\t\t\t\t\t\t\t<div class=\"elementor-text-editor elementor-clearfix\">\n\t\t\t\t<h3>According to \u00a7 5 TMG<\/h3><p>Christof G\u00fcnther<br \/>NetBasis International<br \/>Heinrichstra\u00dfe 45<br \/>40239 D\u00fcsseldorf<\/p><h3>Contact<\/h3><p>Phone:  +49 (0) 211 \/ 544 193 80<br \/>Fax:  +49 (0) 211 \/ 544 193 79<br \/>E-mail:  contact@net-basis.com<br \/>Internet:  www.net-basis.net<\/p><h3>VAT number<\/h3><p>VAT indentification number in accorance with section 27 a of the German VAT act<br \/>DE 258 486 954<\/p><h3>Professional indemnity insurance information<\/h3><p>Name and location of the company:<br \/>Hiscox AG in Vollmacht f\u00fcr Hiscox Insurance Company Ltd.<br \/>Niederlassung f\u00fcr Deutschland, Arnulfstra\u00dfe 31, 80636 M\u00fcnchen<br \/>Extent of insurance cover: Worldwide<\/p>\t\t\t\t\t<\/div>\n\t\t\t\t\t\t<\/div>\n\t\t\t\t<\/div>\n\t\t\t\t\t\t<\/div>\n\t\t\t\t\t<\/div>\n\t\t<\/div>\n\t\t\t\t<div class=\"elementor-column elementor-col-50 elementor-top-column elementor-element elementor-element-cb76742\" data-id=\"cb76742\" data-element_type=\"column\">\n\t\t\t<div class=\"elementor-column-wrap elementor-element-populated\">\n\t\t\t\t\t\t\t<div class=\"elementor-widget-wrap\">\n\t\t\t\t\t\t<div class=\"elementor-element elementor-element-8c2201e elementor-widget elementor-widget-heading\" data-id=\"8c2201e\" data-element_type=\"widget\" data-widget_type=\"heading.default\">\n\t\t\t\t<div class=\"elementor-widget-container\">\n\t\t\t<h2 class=\"elementor-heading-title elementor-size-default\">Disclaimer<\/h2>\t\t<\/div>\n\t\t\t\t<\/div>\n\t\t\t\t<div class=\"elementor-element elementor-element-3d026af elementor-widget elementor-widget-text-editor\" data-id=\"3d026af\" data-element_type=\"widget\" data-widget_type=\"text-editor.default\">\n\t\t\t\t<div class=\"elementor-widget-container\">\n\t\t\t\t\t\t\t\t<div class=\"elementor-text-editor elementor-clearfix\">\n\t\t\t\t<p>The contents of our website have been created with the utmost care. However, we cannot guarantee the contents' accuracy, completeness or topicality. According to statutory provisions (\u00a77 para. 1 TMG), we are furthermore responsible for our own content on these web pages. In this context, please note that we are accordingly not obliged to monitor merely the transmitted or saved information of third parties, or investigate circumstances pointing to illegal activity. Our obligations to remove or block the use of information under generally applicable laws remain unaffected by this as per \u00a7\u00a7 8 to 10 of the Telemedia Act (TMG). However, a relevant liability in this regard is only possible from the date of knowledge of a specific infringement. Upon notification of such infringements, we will remove the content immediately.<\/p><p>Our website contains links to web pages of third parties. We have no control over the content of these websites. Responsibility for this content lies solely with the operators of the linked pages. At the time of linking these websites were checked for possible violations of law. No violations were evident to us at the time of linking. A permanent control of the linked pages is unreasonable without concrete evidence of a legal violation. Should any infringement become known to us, we will remove the respective link immediately.<\/p><p>Our website and its contents are subject to German copyright law. Unauthorized utilization of copyrighted works is punishable (\u00a7 106 of the copyright law). Therefore, unless expressly permitted by law (\u00a7 44a et seq. of the copyright law), every form of utilizing, reproducing or processing works subject to copyright protection on our web pages requires our prior consent. Individual reproductions of our website such as downloads or copies are allowed only for private, non-commercial use. As far as the content is not created by us, the copyrights of third parties are respected. In particular, third party content will be labeled as such. Should you still be aware of copyright infringement, we ask for a respective hint. Upon notification of legal violations, we will remove the content immediately.<\/p>\t\t\t\t\t<\/div>\n\t\t\t\t\t\t<\/div>\n\t\t\t\t<\/div>\n\t\t\t\t<div class=\"elementor-element elementor-element-592b516 elementor-widget elementor-widget-heading\" data-id=\"592b516\" data-element_type=\"widget\" data-widget_type=\"heading.default\">\n\t\t\t\t<div class=\"elementor-widget-container\">\n\t\t\t<h2 class=\"elementor-heading-title elementor-size-default\">Indication of source for images and graphics<\/h2>\t\t<\/div>\n\t\t\t\t<\/div>\n\t\t\t\t<div class=\"elementor-element elementor-element-c7bbe74 elementor-widget elementor-widget-image\" data-id=\"c7bbe74\" data-element_type=\"widget\" data-widget_type=\"image.default\">\n\t\t\t\t<div class=\"elementor-widget-container\">\n\t\t\t\t\t\t\t\t<div class=\"elementor-image\">\n\t\t\t\t\t\t\t\t\t\t\t\t<img loading=\"lazy\" decoding=\"async\" width=\"800\" height=\"106\" src=\"https:\/\/net-basis.net\/wp-content\/uploads\/2020\/01\/33883.png\" class=\"attachment-large size-large wp-image-3817\" alt=\"Quellenangaben\" srcset=\"https:\/\/net-basis.net\/wp-content\/uploads\/2020\/01\/33883.png 950w, https:\/\/net-basis.net\/wp-content\/uploads\/2020\/01\/33883-300x40.png 300w, https:\/\/net-basis.net\/wp-content\/uploads\/2020\/01\/33883-768x102.png 768w\" sizes=\"auto, (max-width: 800px) 100vw, 800px\" \/>\t\t\t\t\t\t\t\t\t\t\t\t\t\t<\/div>\n\t\t\t\t\t\t<\/div>\n\t\t\t\t<\/div>\n\t\t\t\t\t\t<\/div>\n\t\t\t\t\t<\/div>\n\t\t<\/div>\n\t\t\t\t\t\t\t\t<\/div>\n\t\t\t\t\t<\/div>\n\t\t<\/section>\n\t\t\t\t\t\t\t\t\t<\/div>\n\t\t\t<\/div>\n\t\t\t\t\t<\/div>","protected":false},"excerpt":{"rendered":"<p>Impressum Angaben gem\u00e4\u00df \u00a7 5 TMG Christof G\u00fcntherNetBasis InternationalHeinrichstra\u00dfe 4540239 D\u00fcsseldorf Kontakt Telefon:\u00a0 +49 (0) 211 \/ 544 193 80Telefax:\u00a0 +49 (0) 211 \/ 544 193 79E-Mail:\u00a0 kontakt@net-basis.comInternetadresse:\u00a0 www.net-basis.net Umsatzsteuer-ID Umsatzsteuer-Identifikationsnummer gem\u00e4\u00df \u00a727 a UmsatzsteuergesetzDE 258 486 954 Angaben zur Berufshaftpflichtversicherung Name und Sitz der Gesellschaft:Hiscox AG in Vollmacht f\u00fcr Hiscox Insurance Company Ltd.Niederlassung f\u00fcr [&hellip;]<\/p>\n","protected":false},"author":3,"featured_media":0,"parent":0,"menu_order":0,"comment_status":"closed","ping_status":"closed","template":"elementor_header_footer","meta":{"footnotes":""},"class_list":["post-3813","page","type-page","status-publish","hentry"],"_links":{"self":[{"href":"https:\/\/net-basis.net\/en\/wp-json\/wp\/v2\/pages\/3813","targetHints":{"allow":["GET"]}}],"collection":[{"href":"https:\/\/net-basis.net\/en\/wp-json\/wp\/v2\/pages"}],"about":[{"href":"https:\/\/net-basis.net\/en\/wp-json\/wp\/v2\/types\/page"}],"author":[{"embeddable":true,"href":"https:\/\/net-basis.net\/en\/wp-json\/wp\/v2\/users\/3"}],"replies":[{"embeddable":true,"href":"https:\/\/net-basis.net\/en\/wp-json\/wp\/v2\/comments?post=3813"}],"version-history":[{"count":13,"href":"https:\/\/net-basis.net\/en\/wp-json\/wp\/v2\/pages\/3813\/revisions"}],"predecessor-version":[{"id":4705,"href":"https:\/\/net-basis.net\/en\/wp-json\/wp\/v2\/pages\/3813\/revisions\/4705"}],"wp:attachment":[{"href":"https:\/\/net-basis.net\/en\/wp-json\/wp\/v2\/media?parent=3813"}],"curies":[{"name":"wp","href":"https:\/\/api.w.org\/{rel}","templated":true}]}}