{"id":3449,"date":"2020-01-13T08:59:09","date_gmt":"2020-01-13T07:59:09","guid":{"rendered":"http:\/\/net-basis.net\/?page_id=3449"},"modified":"2020-06-13T14:15:12","modified_gmt":"2020-06-13T12:15:12","slug":"produkte-loesungen","status":"publish","type":"page","link":"https:\/\/net-basis.net\/en\/partner\/produkte-loesungen\/","title":{"rendered":"Products \/ Solutions"},"content":{"rendered":"<div data-elementor-type=\"wp-page\" data-elementor-id=\"3449\" class=\"elementor elementor-3449\">\n\t\t\t\t\t\t<div class=\"elementor-inner\">\n\t\t\t\t<div class=\"elementor-section-wrap\">\n\t\t\t\t\t\t\t\t\t<section class=\"elementor-section elementor-top-section elementor-element elementor-element-8d240e7 elementor-section-height-min-height elementor-section-boxed elementor-section-height-default elementor-section-items-middle\" data-id=\"8d240e7\" data-element_type=\"section\" data-settings=\"{&quot;background_background&quot;:&quot;gradient&quot;,&quot;shape_divider_bottom&quot;:&quot;opacity-tilt&quot;}\">\n\t\t\t\t\t<div class=\"elementor-shape elementor-shape-bottom\" data-negative=\"false\">\n\t\t\t<svg xmlns=\"http:\/\/www.w3.org\/2000\/svg\" viewbox=\"0 0 2600 131.1\" preserveaspectratio=\"none\">\n\t<path class=\"elementor-shape-fill\" d=\"M0 0L2600 0 2600 69.1 0 0z\"\/>\n\t<path class=\"elementor-shape-fill\" style=\"opacity:0.5\" d=\"M0 0L2600 0 2600 69.1 0 69.1z\"\/>\n\t<path class=\"elementor-shape-fill\" style=\"opacity:0.25\" d=\"M2600 0L0 0 0 130.1 2600 69.1z\"\/>\n<\/svg>\t\t<\/div>\n\t\t\t\t\t<div class=\"elementor-container elementor-column-gap-no\">\n\t\t\t\t\t\t\t<div class=\"elementor-row\">\n\t\t\t\t\t<div class=\"elementor-column elementor-col-100 elementor-top-column elementor-element elementor-element-31d66bd8\" data-id=\"31d66bd8\" data-element_type=\"column\" data-settings=\"{&quot;background_background&quot;:&quot;classic&quot;}\">\n\t\t\t<div class=\"elementor-column-wrap elementor-element-populated\">\n\t\t\t\t\t\t\t<div class=\"elementor-widget-wrap\">\n\t\t\t\t\t\t\t\t<\/div>\n\t\t\t\t\t<\/div>\n\t\t<\/div>\n\t\t\t\t\t\t\t\t<\/div>\n\t\t\t\t\t<\/div>\n\t\t<\/section>\n\t\t\t\t<section class=\"elementor-section elementor-top-section elementor-element elementor-element-750eb4a elementor-section-boxed elementor-section-height-default elementor-section-height-default\" data-id=\"750eb4a\" data-element_type=\"section\">\n\t\t\t\t\t\t<div class=\"elementor-container elementor-column-gap-default\">\n\t\t\t\t\t\t\t<div class=\"elementor-row\">\n\t\t\t\t\t<div class=\"elementor-column elementor-col-50 elementor-top-column elementor-element elementor-element-432e151\" data-id=\"432e151\" data-element_type=\"column\">\n\t\t\t<div class=\"elementor-column-wrap elementor-element-populated\">\n\t\t\t\t\t\t\t<div class=\"elementor-widget-wrap\">\n\t\t\t\t\t\t<div class=\"elementor-element elementor-element-e23b1ba elementor-widget elementor-widget-heading\" data-id=\"e23b1ba\" data-element_type=\"widget\" data-widget_type=\"heading.default\">\n\t\t\t\t<div class=\"elementor-widget-container\">\n\t\t\t<h2 class=\"elementor-heading-title elementor-size-default\"><a href=\"https:\/\/net-basis.net\/en\/partner\/\">\u00ab Partner<\/a><\/h2>\t\t<\/div>\n\t\t\t\t<\/div>\n\t\t\t\t<div class=\"elementor-element elementor-element-1eaf617 elementor-nav-menu__align-left elementor-nav-menu--dropdown-none elementor-widget elementor-widget-nav-menu\" data-id=\"1eaf617\" data-element_type=\"widget\" data-settings=\"{&quot;layout&quot;:&quot;vertical&quot;,&quot;submenu_icon&quot;:{&quot;value&quot;:&quot;&lt;i class=\\&quot;\\&quot;&gt;&lt;\\\/i&gt;&quot;,&quot;library&quot;:&quot;&quot;}}\" data-widget_type=\"nav-menu.default\">\n\t\t\t\t<div class=\"elementor-widget-container\">\n\t\t\t\t\t\t<nav migration_allowed=\"1\" migrated=\"0\" class=\"elementor-nav-menu--main elementor-nav-menu__container elementor-nav-menu--layout-vertical e--pointer-text e--animation-none\">\n\t\t\t\t<ul id=\"menu-1-1eaf617\" class=\"elementor-nav-menu sm-vertical\"><li class=\"menu-item menu-item-type-post_type menu-item-object-page menu-item-3593\"><a href=\"https:\/\/net-basis.net\/en\/partner\/produkte-loesungen\/luefterlose-mini-pcs\/\" class=\"elementor-item\">Fanless Mini PCs<\/a><\/li>\n<li class=\"menu-item menu-item-type-post_type menu-item-object-page menu-item-3590\"><a href=\"https:\/\/net-basis.net\/en\/partner\/produkte-loesungen\/gespraechsmitschnitt\/\" class=\"elementor-item\">Call Recording<\/a><\/li>\n<li class=\"menu-item menu-item-type-post_type menu-item-object-page menu-item-3589\"><a href=\"https:\/\/net-basis.net\/en\/partner\/produkte-loesungen\/audio-loesungen\/\" class=\"elementor-item\">Audio Solutions<\/a><\/li>\n<li class=\"menu-item menu-item-type-post_type menu-item-object-page menu-item-3591\"><a href=\"https:\/\/net-basis.net\/en\/partner\/produkte-loesungen\/gsm-gateways\/\" class=\"elementor-item\">GSM-Gateways<\/a><\/li>\n<li class=\"menu-item menu-item-type-post_type menu-item-object-page menu-item-3592\"><a href=\"https:\/\/net-basis.net\/en\/partner\/produkte-loesungen\/leadgenerierung\/\" class=\"elementor-item\">Lead Generation<\/a><\/li>\n<\/ul>\t\t\t<\/nav>\n\t\t\t\t\t\t<nav class=\"elementor-nav-menu--dropdown elementor-nav-menu__container\" aria-hidden=\"true\">\n\t\t\t\t<ul id=\"menu-2-1eaf617\" class=\"elementor-nav-menu sm-vertical\"><li class=\"menu-item menu-item-type-post_type menu-item-object-page menu-item-3593\"><a href=\"https:\/\/net-basis.net\/en\/partner\/produkte-loesungen\/luefterlose-mini-pcs\/\" class=\"elementor-item\" tabindex=\"-1\">Fanless Mini PCs<\/a><\/li>\n<li class=\"menu-item menu-item-type-post_type menu-item-object-page menu-item-3590\"><a href=\"https:\/\/net-basis.net\/en\/partner\/produkte-loesungen\/gespraechsmitschnitt\/\" class=\"elementor-item\" tabindex=\"-1\">Call Recording<\/a><\/li>\n<li class=\"menu-item menu-item-type-post_type menu-item-object-page menu-item-3589\"><a href=\"https:\/\/net-basis.net\/en\/partner\/produkte-loesungen\/audio-loesungen\/\" class=\"elementor-item\" tabindex=\"-1\">Audio Solutions<\/a><\/li>\n<li class=\"menu-item menu-item-type-post_type menu-item-object-page menu-item-3591\"><a href=\"https:\/\/net-basis.net\/en\/partner\/produkte-loesungen\/gsm-gateways\/\" class=\"elementor-item\" tabindex=\"-1\">GSM-Gateways<\/a><\/li>\n<li class=\"menu-item menu-item-type-post_type menu-item-object-page menu-item-3592\"><a href=\"https:\/\/net-basis.net\/en\/partner\/produkte-loesungen\/leadgenerierung\/\" class=\"elementor-item\" tabindex=\"-1\">Lead Generation<\/a><\/li>\n<\/ul>\t\t\t<\/nav>\n\t\t\t\t<\/div>\n\t\t\t\t<\/div>\n\t\t\t\t\t\t<\/div>\n\t\t\t\t\t<\/div>\n\t\t<\/div>\n\t\t\t\t<div class=\"elementor-column elementor-col-50 elementor-top-column elementor-element elementor-element-cba2506\" data-id=\"cba2506\" data-element_type=\"column\">\n\t\t\t<div class=\"elementor-column-wrap elementor-element-populated\">\n\t\t\t\t\t\t\t<div class=\"elementor-widget-wrap\">\n\t\t\t\t\t\t<div class=\"elementor-element elementor-element-6886537 elementor-widget elementor-widget-heading\" data-id=\"6886537\" data-element_type=\"widget\" data-widget_type=\"heading.default\">\n\t\t\t\t<div class=\"elementor-widget-container\">\n\t\t\t<h2 class=\"elementor-heading-title elementor-size-default\">Products\/Solutions<\/h2>\t\t<\/div>\n\t\t\t\t<\/div>\n\t\t\t\t<div class=\"elementor-element elementor-element-6106a38 elementor-widget elementor-widget-text-editor\" data-id=\"6106a38\" data-element_type=\"widget\" data-widget_type=\"text-editor.default\">\n\t\t\t\t<div class=\"elementor-widget-container\">\n\t\t\t\t\t\t\t\t<div class=\"elementor-text-editor elementor-clearfix\">\n\t\t\t\t<p><b>NetBasis International<\/b> has partnered with several industry-leading manufacturers offering advanced technology products, solutions and services in different fields. Our complete portfolio is best-in-class, coming from best-in-class vendors.<\/p><p>Quality, flexibility and reliability \u2013 our reputation and success does not come from simply selling our partners\u2019 products and solutions, it is instead and even more based on always standing ready for our manufacturer partners, on being there when they need us for optimizing and fine-tuning their already excellent, outstanding and very reliable high-quality products and solutions already BEFORE selling them in new markets.<\/p><p>At the same time, <b>NetBasis International<\/b> always takes care of customer satisfaction by permanently and steadily focusing on the local clients\u2019 needs and by offering a comprehensive range of supporting services around the products\/solutions portfolio.<\/p><p>From strategy to execution \u2013 we are right there with you, working to help you achieve your mission goals.<\/p>\t\t\t\t\t<\/div>\n\t\t\t\t\t\t<\/div>\n\t\t\t\t<\/div>\n\t\t\t\t\t\t<\/div>\n\t\t\t\t\t<\/div>\n\t\t<\/div>\n\t\t\t\t\t\t\t\t<\/div>\n\t\t\t\t\t<\/div>\n\t\t<\/section>\n\t\t\t\t<section class=\"elementor-section elementor-top-section elementor-element elementor-element-7c69ec5 elementor-section-boxed elementor-section-height-default elementor-section-height-default\" data-id=\"7c69ec5\" data-element_type=\"section\">\n\t\t\t\t\t\t<div class=\"elementor-container elementor-column-gap-default\">\n\t\t\t\t\t\t\t<div class=\"elementor-row\">\n\t\t\t\t\t<div class=\"elementor-column elementor-col-100 elementor-top-column elementor-element elementor-element-5569b35\" data-id=\"5569b35\" data-element_type=\"column\">\n\t\t\t<div class=\"elementor-column-wrap elementor-element-populated\">\n\t\t\t\t\t\t\t<div class=\"elementor-widget-wrap\">\n\t\t\t\t\t\t<div class=\"elementor-element elementor-element-6d7d368 elementor-widget elementor-widget-heading\" data-id=\"6d7d368\" data-element_type=\"widget\" data-widget_type=\"heading.default\">\n\t\t\t\t<div class=\"elementor-widget-container\">\n\t\t\t<h2 class=\"elementor-heading-title elementor-size-default\">Would you like to come aboard? We would be delighted!<\/h2>\t\t<\/div>\n\t\t\t\t<\/div>\n\t\t\t\t\t\t<\/div>\n\t\t\t\t\t<\/div>\n\t\t<\/div>\n\t\t\t\t\t\t\t\t<\/div>\n\t\t\t\t\t<\/div>\n\t\t<\/section>\n\t\t\t\t\t\t\t\t\t<\/div>\n\t\t\t<\/div>\n\t\t\t\t\t<\/div>","protected":false},"excerpt":{"rendered":"<p>\u00ab Partner Produkte\/L\u00f6sungen NetBasis International ist mit verschiedenen branchenf\u00fchrenden Herstellern verpartnert, die fortschrittliche Technologieprodukte, -l\u00f6sungen und -dienstleistungen aus unterschiedlichsten Bereichen anbieten. Unser gesamtes Portfolio ist &#8222;Best-in-Class&#8220;, kommend von &#8222;Best-in-Class&#8220;-Anbietern. Qualit\u00e4t, Flexibilit\u00e4t und Zuverl\u00e4ssigkeit \u2013 unser Ansehen und Erfolg kommt nicht davon, dass wir die Produkte und L\u00f6sungen unserer Partner einfach nur verkaufen w\u00fcrden, beides basiert [&hellip;]<\/p>\n","protected":false},"author":3,"featured_media":0,"parent":3415,"menu_order":0,"comment_status":"closed","ping_status":"closed","template":"elementor_header_footer","meta":{"footnotes":""},"class_list":["post-3449","page","type-page","status-publish","hentry"],"_links":{"self":[{"href":"https:\/\/net-basis.net\/en\/wp-json\/wp\/v2\/pages\/3449","targetHints":{"allow":["GET"]}}],"collection":[{"href":"https:\/\/net-basis.net\/en\/wp-json\/wp\/v2\/pages"}],"about":[{"href":"https:\/\/net-basis.net\/en\/wp-json\/wp\/v2\/types\/page"}],"author":[{"embeddable":true,"href":"https:\/\/net-basis.net\/en\/wp-json\/wp\/v2\/users\/3"}],"replies":[{"embeddable":true,"href":"https:\/\/net-basis.net\/en\/wp-json\/wp\/v2\/comments?post=3449"}],"version-history":[{"count":12,"href":"https:\/\/net-basis.net\/en\/wp-json\/wp\/v2\/pages\/3449\/revisions"}],"predecessor-version":[{"id":4433,"href":"https:\/\/net-basis.net\/en\/wp-json\/wp\/v2\/pages\/3449\/revisions\/4433"}],"up":[{"embeddable":true,"href":"https:\/\/net-basis.net\/en\/wp-json\/wp\/v2\/pages\/3415"}],"wp:attachment":[{"href":"https:\/\/net-basis.net\/en\/wp-json\/wp\/v2\/media?parent=3449"}],"curies":[{"name":"wp","href":"https:\/\/api.w.org\/{rel}","templated":true}]}}