{"id":3438,"date":"2020-01-12T20:26:46","date_gmt":"2020-01-12T19:26:46","guid":{"rendered":"http:\/\/net-basis.net\/?page_id=3438"},"modified":"2020-06-13T14:05:25","modified_gmt":"2020-06-13T12:05:25","slug":"distributoren","status":"publish","type":"page","link":"https:\/\/net-basis.net\/en\/partner\/distributoren\/","title":{"rendered":"Distributors"},"content":{"rendered":"<div data-elementor-type=\"wp-page\" data-elementor-id=\"3438\" class=\"elementor elementor-3438\">\n\t\t\t\t\t\t<div class=\"elementor-inner\">\n\t\t\t\t<div class=\"elementor-section-wrap\">\n\t\t\t\t\t\t\t\t\t<section class=\"elementor-section elementor-top-section elementor-element elementor-element-6357495e elementor-section-height-min-height elementor-section-boxed elementor-section-height-default elementor-section-items-middle\" data-id=\"6357495e\" data-element_type=\"section\" data-settings=\"{&quot;background_background&quot;:&quot;gradient&quot;,&quot;shape_divider_bottom&quot;:&quot;opacity-tilt&quot;}\">\n\t\t\t\t\t<div class=\"elementor-shape elementor-shape-bottom\" data-negative=\"false\">\n\t\t\t<svg xmlns=\"http:\/\/www.w3.org\/2000\/svg\" viewbox=\"0 0 2600 131.1\" preserveaspectratio=\"none\">\n\t<path class=\"elementor-shape-fill\" d=\"M0 0L2600 0 2600 69.1 0 0z\"\/>\n\t<path class=\"elementor-shape-fill\" style=\"opacity:0.5\" d=\"M0 0L2600 0 2600 69.1 0 69.1z\"\/>\n\t<path class=\"elementor-shape-fill\" style=\"opacity:0.25\" d=\"M2600 0L0 0 0 130.1 2600 69.1z\"\/>\n<\/svg>\t\t<\/div>\n\t\t\t\t\t<div class=\"elementor-container elementor-column-gap-no\">\n\t\t\t\t\t\t\t<div class=\"elementor-row\">\n\t\t\t\t\t<div class=\"elementor-column elementor-col-100 elementor-top-column elementor-element elementor-element-2ef6b8b2\" data-id=\"2ef6b8b2\" data-element_type=\"column\" data-settings=\"{&quot;background_background&quot;:&quot;classic&quot;}\">\n\t\t\t<div class=\"elementor-column-wrap elementor-element-populated\">\n\t\t\t\t\t\t\t<div class=\"elementor-widget-wrap\">\n\t\t\t\t\t\t\t\t<\/div>\n\t\t\t\t\t<\/div>\n\t\t<\/div>\n\t\t\t\t\t\t\t\t<\/div>\n\t\t\t\t\t<\/div>\n\t\t<\/section>\n\t\t\t\t<section class=\"elementor-section elementor-top-section elementor-element elementor-element-798a764 elementor-section-boxed elementor-section-height-default elementor-section-height-default\" data-id=\"798a764\" data-element_type=\"section\">\n\t\t\t\t\t\t<div class=\"elementor-container elementor-column-gap-default\">\n\t\t\t\t\t\t\t<div class=\"elementor-row\">\n\t\t\t\t\t<div class=\"elementor-column elementor-col-50 elementor-top-column elementor-element elementor-element-8869761\" data-id=\"8869761\" data-element_type=\"column\">\n\t\t\t<div class=\"elementor-column-wrap elementor-element-populated\">\n\t\t\t\t\t\t\t<div class=\"elementor-widget-wrap\">\n\t\t\t\t\t\t<div class=\"elementor-element elementor-element-6795112 elementor-widget elementor-widget-heading\" data-id=\"6795112\" data-element_type=\"widget\" data-widget_type=\"heading.default\">\n\t\t\t\t<div class=\"elementor-widget-container\">\n\t\t\t<h2 class=\"elementor-heading-title elementor-size-default\"><a href=\"https:\/\/net-basis.net\/en\/partner\/\">\u00ab Partner<\/a><\/h2>\t\t<\/div>\n\t\t\t\t<\/div>\n\t\t\t\t<div class=\"elementor-element elementor-element-901218f elementor-nav-menu__align-left elementor-nav-menu--dropdown-none elementor-widget elementor-widget-nav-menu\" data-id=\"901218f\" data-element_type=\"widget\" data-settings=\"{&quot;layout&quot;:&quot;vertical&quot;,&quot;submenu_icon&quot;:{&quot;value&quot;:&quot;&lt;i class=\\&quot;\\&quot;&gt;&lt;\\\/i&gt;&quot;,&quot;library&quot;:&quot;&quot;}}\" data-widget_type=\"nav-menu.default\">\n\t\t\t\t<div class=\"elementor-widget-container\">\n\t\t\t\t\t\t<nav migration_allowed=\"1\" migrated=\"0\" class=\"elementor-nav-menu--main elementor-nav-menu__container elementor-nav-menu--layout-vertical e--pointer-text e--animation-none\">\n\t\t\t\t<ul id=\"menu-1-901218f\" class=\"elementor-nav-menu sm-vertical\"><li class=\"menu-item menu-item-type-post_type menu-item-object-page menu-item-3587\"><a href=\"https:\/\/net-basis.net\/en\/partner\/hersteller\/\" class=\"elementor-item\">Manufacturers<\/a><\/li>\n<li class=\"menu-item menu-item-type-post_type menu-item-object-page menu-item-3586\"><a href=\"https:\/\/net-basis.net\/en\/partner\/distributoren\/\" class=\"elementor-item\">Distributors<\/a><\/li>\n<li class=\"menu-item menu-item-type-post_type menu-item-object-page menu-item-3588\"><a href=\"https:\/\/net-basis.net\/en\/partner\/produkte-loesungen\/\" class=\"elementor-item\">Products \/ Solutions<\/a><\/li>\n<\/ul>\t\t\t<\/nav>\n\t\t\t\t\t\t<nav class=\"elementor-nav-menu--dropdown elementor-nav-menu__container\" aria-hidden=\"true\">\n\t\t\t\t<ul id=\"menu-2-901218f\" class=\"elementor-nav-menu sm-vertical\"><li class=\"menu-item menu-item-type-post_type menu-item-object-page menu-item-3587\"><a href=\"https:\/\/net-basis.net\/en\/partner\/hersteller\/\" class=\"elementor-item\" tabindex=\"-1\">Manufacturers<\/a><\/li>\n<li class=\"menu-item menu-item-type-post_type menu-item-object-page menu-item-3586\"><a href=\"https:\/\/net-basis.net\/en\/partner\/distributoren\/\" class=\"elementor-item\" tabindex=\"-1\">Distributors<\/a><\/li>\n<li class=\"menu-item menu-item-type-post_type menu-item-object-page menu-item-3588\"><a href=\"https:\/\/net-basis.net\/en\/partner\/produkte-loesungen\/\" class=\"elementor-item\" tabindex=\"-1\">Products \/ Solutions<\/a><\/li>\n<\/ul>\t\t\t<\/nav>\n\t\t\t\t<\/div>\n\t\t\t\t<\/div>\n\t\t\t\t\t\t<\/div>\n\t\t\t\t\t<\/div>\n\t\t<\/div>\n\t\t\t\t<div class=\"elementor-column elementor-col-50 elementor-top-column elementor-element elementor-element-34599d8\" data-id=\"34599d8\" data-element_type=\"column\">\n\t\t\t<div class=\"elementor-column-wrap elementor-element-populated\">\n\t\t\t\t\t\t\t<div class=\"elementor-widget-wrap\">\n\t\t\t\t\t\t<div class=\"elementor-element elementor-element-0f0ed75 elementor-widget elementor-widget-heading\" data-id=\"0f0ed75\" data-element_type=\"widget\" data-widget_type=\"heading.default\">\n\t\t\t\t<div class=\"elementor-widget-container\">\n\t\t\t<h2 class=\"elementor-heading-title elementor-size-default\">Distributors<\/h2>\t\t<\/div>\n\t\t\t\t<\/div>\n\t\t\t\t<div class=\"elementor-element elementor-element-03f9bc7 elementor-widget elementor-widget-text-editor\" data-id=\"03f9bc7\" data-element_type=\"widget\" data-widget_type=\"text-editor.default\">\n\t\t\t\t<div class=\"elementor-widget-container\">\n\t\t\t\t\t\t\t\t<div class=\"elementor-text-editor elementor-clearfix\">\n\t\t\t\t<p>Good products and solutions, especially in b2b, need equally good and reliable distribution channels. Only that leads to success and satisfied customers. The following is an excerpt of major trading partners.<\/p>\t\t\t\t\t<\/div>\n\t\t\t\t\t\t<\/div>\n\t\t\t\t<\/div>\n\t\t\t\t<div class=\"elementor-element elementor-element-7e67d21 elementor-widget elementor-widget-spacer\" data-id=\"7e67d21\" data-element_type=\"widget\" data-widget_type=\"spacer.default\">\n\t\t\t\t<div class=\"elementor-widget-container\">\n\t\t\t\t\t<div class=\"elementor-spacer\">\n\t\t\t<div class=\"elementor-spacer-inner\"><\/div>\n\t\t<\/div>\n\t\t\t\t<\/div>\n\t\t\t\t<\/div>\n\t\t\t\t<div class=\"elementor-element elementor-element-8b8918f elementor-position-left elementor-vertical-align-middle elementor-widget elementor-widget-image-box\" data-id=\"8b8918f\" data-element_type=\"widget\" data-widget_type=\"image-box.default\">\n\t\t\t\t<div class=\"elementor-widget-container\">\n\t\t\t<div class=\"elementor-image-box-wrapper\"><figure class=\"elementor-image-box-img\"><a href=\"https:\/\/www.allnet.de\/\" target=\"_blank\" rel=\"noopener\"><img loading=\"lazy\" decoding=\"async\" width=\"180\" height=\"79\" src=\"https:\/\/net-basis.net\/wp-content\/uploads\/2020\/01\/30563.jpg\" class=\"attachment-medium size-medium wp-image-3441\" alt=\"ALLNET\" \/><\/a><\/figure><div class=\"elementor-image-box-content\"><h3 class=\"elementor-image-box-title\"><a href=\"https:\/\/www.allnet.de\/\" target=\"_blank\" rel=\"noopener\">ALLNET GmbH Computersysteme<\/a><\/h3><p class=\"elementor-image-box-description\">Manufacturer of and distributor for products in the field of network technology and telecommunications<\/p><\/div><\/div>\t\t<\/div>\n\t\t\t\t<\/div>\n\t\t\t\t<div class=\"elementor-element elementor-element-d0376ff elementor-widget elementor-widget-spacer\" data-id=\"d0376ff\" data-element_type=\"widget\" data-widget_type=\"spacer.default\">\n\t\t\t\t<div class=\"elementor-widget-container\">\n\t\t\t\t\t<div class=\"elementor-spacer\">\n\t\t\t<div class=\"elementor-spacer-inner\"><\/div>\n\t\t<\/div>\n\t\t\t\t<\/div>\n\t\t\t\t<\/div>\n\t\t\t\t<div class=\"elementor-element elementor-element-cde85ee elementor-position-left elementor-vertical-align-middle elementor-widget elementor-widget-image-box\" data-id=\"cde85ee\" data-element_type=\"widget\" data-widget_type=\"image-box.default\">\n\t\t\t\t<div class=\"elementor-widget-container\">\n\t\t\t<div class=\"elementor-image-box-wrapper\"><figure class=\"elementor-image-box-img\"><a href=\"https:\/\/www.herweck.de\/\" target=\"_blank\" rel=\"noopener\"><img loading=\"lazy\" decoding=\"async\" width=\"104\" height=\"91\" src=\"https:\/\/net-basis.net\/wp-content\/uploads\/2020\/01\/30564.jpg\" class=\"attachment-medium size-medium wp-image-3442\" alt=\"herweck\" \/><\/a><\/figure><div class=\"elementor-image-box-content\"><h3 class=\"elementor-image-box-title\"><a href=\"https:\/\/www.herweck.de\/\" target=\"_blank\" rel=\"noopener\">Herweck Aktiengesellschaft<\/a><\/h3><p class=\"elementor-image-box-description\">German Distributor for telecommunications and IT products and solutions<\/p><\/div><\/div>\t\t<\/div>\n\t\t\t\t<\/div>\n\t\t\t\t<div class=\"elementor-element elementor-element-9f7f4cd elementor-widget elementor-widget-spacer\" data-id=\"9f7f4cd\" data-element_type=\"widget\" data-widget_type=\"spacer.default\">\n\t\t\t\t<div class=\"elementor-widget-container\">\n\t\t\t\t\t<div class=\"elementor-spacer\">\n\t\t\t<div class=\"elementor-spacer-inner\"><\/div>\n\t\t<\/div>\n\t\t\t\t<\/div>\n\t\t\t\t<\/div>\n\t\t\t\t<div class=\"elementor-element elementor-element-e03a5e3 elementor-position-left elementor-vertical-align-middle elementor-widget elementor-widget-image-box\" data-id=\"e03a5e3\" data-element_type=\"widget\" data-widget_type=\"image-box.default\">\n\t\t\t\t<div class=\"elementor-widget-container\">\n\t\t\t<div class=\"elementor-image-box-wrapper\"><figure class=\"elementor-image-box-img\"><a href=\"https:\/\/komsa.com\/\" target=\"_blank\" rel=\"noopener\"><img loading=\"lazy\" decoding=\"async\" width=\"180\" height=\"43\" src=\"https:\/\/net-basis.net\/wp-content\/uploads\/2020\/01\/30566.jpg\" class=\"attachment-medium size-medium wp-image-3443\" alt=\"KOMSA\" \/><\/a><\/figure><div class=\"elementor-image-box-content\"><h3 class=\"elementor-image-box-title\"><a href=\"https:\/\/komsa.com\/\" target=\"_blank\" rel=\"noopener\">KOMSA Kommunikation Sachsen AG<\/a><\/h3><p class=\"elementor-image-box-description\">Leading service provider in the information and\ncommunication technology (ICT) industry in Europe<\/p><\/div><\/div>\t\t<\/div>\n\t\t\t\t<\/div>\n\t\t\t\t<div class=\"elementor-element elementor-element-b92b2b1 elementor-widget elementor-widget-spacer\" data-id=\"b92b2b1\" data-element_type=\"widget\" data-widget_type=\"spacer.default\">\n\t\t\t\t<div class=\"elementor-widget-container\">\n\t\t\t\t\t<div class=\"elementor-spacer\">\n\t\t\t<div class=\"elementor-spacer-inner\"><\/div>\n\t\t<\/div>\n\t\t\t\t<\/div>\n\t\t\t\t<\/div>\n\t\t\t\t<div class=\"elementor-element elementor-element-325d06e elementor-position-left elementor-vertical-align-middle elementor-widget elementor-widget-image-box\" data-id=\"325d06e\" data-element_type=\"widget\" data-widget_type=\"image-box.default\">\n\t\t\t\t<div class=\"elementor-widget-container\">\n\t\t\t<div class=\"elementor-image-box-wrapper\"><figure class=\"elementor-image-box-img\"><a href=\"https:\/\/www.combridge.cloud\/\" target=\"_blank\" rel=\"noopener\"><img loading=\"lazy\" decoding=\"async\" width=\"180\" height=\"61\" src=\"https:\/\/net-basis.net\/wp-content\/uploads\/2020\/01\/30569.jpg\" class=\"attachment-medium size-medium wp-image-3444\" alt=\"ComBridge AG\" \/><\/a><\/figure><div class=\"elementor-image-box-content\"><h3 class=\"elementor-image-box-title\"><a href=\"https:\/\/www.combridge.cloud\/\" target=\"_blank\" rel=\"noopener\">ComBridge AG<\/a><\/h3><p class=\"elementor-image-box-description\">Distributor of communication and information\ntechnologies and alerting and personal security\nsolutions for the entire Switzerland and Liechtenstein<\/p><\/div><\/div>\t\t<\/div>\n\t\t\t\t<\/div>\n\t\t\t\t<div class=\"elementor-element elementor-element-de16c75 elementor-widget elementor-widget-spacer\" data-id=\"de16c75\" data-element_type=\"widget\" data-widget_type=\"spacer.default\">\n\t\t\t\t<div class=\"elementor-widget-container\">\n\t\t\t\t\t<div class=\"elementor-spacer\">\n\t\t\t<div class=\"elementor-spacer-inner\"><\/div>\n\t\t<\/div>\n\t\t\t\t<\/div>\n\t\t\t\t<\/div>\n\t\t\t\t\t\t<\/div>\n\t\t\t\t\t<\/div>\n\t\t<\/div>\n\t\t\t\t\t\t\t\t<\/div>\n\t\t\t\t\t<\/div>\n\t\t<\/section>\n\t\t\t\t<section class=\"elementor-section elementor-top-section elementor-element elementor-element-9354686 elementor-section-boxed elementor-section-height-default elementor-section-height-default\" data-id=\"9354686\" data-element_type=\"section\">\n\t\t\t\t\t\t<div class=\"elementor-container elementor-column-gap-default\">\n\t\t\t\t\t\t\t<div class=\"elementor-row\">\n\t\t\t\t\t<div class=\"elementor-column elementor-col-100 elementor-top-column elementor-element elementor-element-0613889\" data-id=\"0613889\" data-element_type=\"column\">\n\t\t\t<div class=\"elementor-column-wrap elementor-element-populated\">\n\t\t\t\t\t\t\t<div class=\"elementor-widget-wrap\">\n\t\t\t\t\t\t<div class=\"elementor-element elementor-element-6159fbe elementor-widget elementor-widget-heading\" data-id=\"6159fbe\" data-element_type=\"widget\" data-widget_type=\"heading.default\">\n\t\t\t\t<div class=\"elementor-widget-container\">\n\t\t\t<h2 class=\"elementor-heading-title elementor-size-default\">Would you like to come aboard? We would be delighted!<\/h2>\t\t<\/div>\n\t\t\t\t<\/div>\n\t\t\t\t\t\t<\/div>\n\t\t\t\t\t<\/div>\n\t\t<\/div>\n\t\t\t\t\t\t\t\t<\/div>\n\t\t\t\t\t<\/div>\n\t\t<\/section>\n\t\t\t\t\t\t\t\t\t<\/div>\n\t\t\t<\/div>\n\t\t\t\t\t<\/div>","protected":false},"excerpt":{"rendered":"<p>\u00ab Partner Distributoren Gute Produkte und L\u00f6sungen brauchen, gerade im B2B, ebenso gute und zuverl\u00e4ssige Vertriebswege. Nur das f\u00fchrt zu Erfolg und zufriedenen Kunden. Nachfolgend sehen Sie einen Auszug wichtiger Handelspartnerschaften. ALLNET GmbH Computersysteme Hersteller und Distributor f\u00fcr Produkte im Bereich\u00a0der Netzwerktechnik und Telekommunikation Herweck Aktiengesellschaft Deutscher Gro\u00dfh\u00e4ndler f\u00fcr Informations- und\u00a0Kommunikationstechnologie (IKT) KOMSA Kommunikation Sachsen [&hellip;]<\/p>\n","protected":false},"author":3,"featured_media":0,"parent":3415,"menu_order":0,"comment_status":"closed","ping_status":"closed","template":"elementor_header_footer","meta":{"footnotes":""},"class_list":["post-3438","page","type-page","status-publish","hentry"],"_links":{"self":[{"href":"https:\/\/net-basis.net\/en\/wp-json\/wp\/v2\/pages\/3438","targetHints":{"allow":["GET"]}}],"collection":[{"href":"https:\/\/net-basis.net\/en\/wp-json\/wp\/v2\/pages"}],"about":[{"href":"https:\/\/net-basis.net\/en\/wp-json\/wp\/v2\/types\/page"}],"author":[{"embeddable":true,"href":"https:\/\/net-basis.net\/en\/wp-json\/wp\/v2\/users\/3"}],"replies":[{"embeddable":true,"href":"https:\/\/net-basis.net\/en\/wp-json\/wp\/v2\/comments?post=3438"}],"version-history":[{"count":18,"href":"https:\/\/net-basis.net\/en\/wp-json\/wp\/v2\/pages\/3438\/revisions"}],"predecessor-version":[{"id":4431,"href":"https:\/\/net-basis.net\/en\/wp-json\/wp\/v2\/pages\/3438\/revisions\/4431"}],"up":[{"embeddable":true,"href":"https:\/\/net-basis.net\/en\/wp-json\/wp\/v2\/pages\/3415"}],"wp:attachment":[{"href":"https:\/\/net-basis.net\/en\/wp-json\/wp\/v2\/media?parent=3438"}],"curies":[{"name":"wp","href":"https:\/\/api.w.org\/{rel}","templated":true}]}}