{"id":3388,"date":"2020-01-12T20:01:13","date_gmt":"2020-01-12T19:01:13","guid":{"rendered":"http:\/\/net-basis.net\/?page_id=3388"},"modified":"2020-06-18T16:17:12","modified_gmt":"2020-06-18T14:17:12","slug":"markteintrittsstrategien","status":"publish","type":"page","link":"https:\/\/net-basis.net\/en\/geschaeftsbereiche\/business-development\/markteintrittsstrategien\/","title":{"rendered":"Market Entry Strategy"},"content":{"rendered":"<div data-elementor-type=\"wp-page\" data-elementor-id=\"3388\" class=\"elementor elementor-3388\">\n\t\t\t\t\t\t<div class=\"elementor-inner\">\n\t\t\t\t<div class=\"elementor-section-wrap\">\n\t\t\t\t\t\t\t\t\t<section class=\"elementor-section elementor-top-section elementor-element elementor-element-50736cfd elementor-section-height-min-height elementor-section-boxed elementor-section-height-default elementor-section-items-middle\" data-id=\"50736cfd\" data-element_type=\"section\" data-settings=\"{&quot;background_background&quot;:&quot;gradient&quot;,&quot;shape_divider_bottom&quot;:&quot;opacity-tilt&quot;}\">\n\t\t\t\t\t<div class=\"elementor-shape elementor-shape-bottom\" data-negative=\"false\">\n\t\t\t<svg xmlns=\"http:\/\/www.w3.org\/2000\/svg\" viewbox=\"0 0 2600 131.1\" preserveaspectratio=\"none\">\n\t<path class=\"elementor-shape-fill\" d=\"M0 0L2600 0 2600 69.1 0 0z\"\/>\n\t<path class=\"elementor-shape-fill\" style=\"opacity:0.5\" d=\"M0 0L2600 0 2600 69.1 0 69.1z\"\/>\n\t<path class=\"elementor-shape-fill\" style=\"opacity:0.25\" d=\"M2600 0L0 0 0 130.1 2600 69.1z\"\/>\n<\/svg>\t\t<\/div>\n\t\t\t\t\t<div class=\"elementor-container elementor-column-gap-no\">\n\t\t\t\t\t\t\t<div class=\"elementor-row\">\n\t\t\t\t\t<div class=\"elementor-column elementor-col-100 elementor-top-column elementor-element elementor-element-437fdc46\" data-id=\"437fdc46\" data-element_type=\"column\" data-settings=\"{&quot;background_background&quot;:&quot;classic&quot;}\">\n\t\t\t<div class=\"elementor-column-wrap elementor-element-populated\">\n\t\t\t\t\t\t\t<div class=\"elementor-widget-wrap\">\n\t\t\t\t\t\t\t\t<\/div>\n\t\t\t\t\t<\/div>\n\t\t<\/div>\n\t\t\t\t\t\t\t\t<\/div>\n\t\t\t\t\t<\/div>\n\t\t<\/section>\n\t\t\t\t<section class=\"elementor-section elementor-top-section elementor-element elementor-element-a5b2253 elementor-section-boxed elementor-section-height-default elementor-section-height-default\" data-id=\"a5b2253\" data-element_type=\"section\">\n\t\t\t\t\t\t<div class=\"elementor-container elementor-column-gap-default\">\n\t\t\t\t\t\t\t<div class=\"elementor-row\">\n\t\t\t\t\t<div class=\"elementor-column elementor-col-50 elementor-top-column elementor-element elementor-element-7282906\" data-id=\"7282906\" data-element_type=\"column\">\n\t\t\t<div class=\"elementor-column-wrap elementor-element-populated\">\n\t\t\t\t\t\t\t<div class=\"elementor-widget-wrap\">\n\t\t\t\t\t\t<div class=\"elementor-element elementor-element-57855d0 elementor-widget elementor-widget-heading\" data-id=\"57855d0\" data-element_type=\"widget\" data-widget_type=\"heading.default\">\n\t\t\t\t<div class=\"elementor-widget-container\">\n\t\t\t<h2 class=\"elementor-heading-title elementor-size-default\"><a href=\"https:\/\/net-basis.net\/en\/geschaeftsbereiche\/business-development\/\">\u00ab Business Development<\/a><\/h2>\t\t<\/div>\n\t\t\t\t<\/div>\n\t\t\t\t<div class=\"elementor-element elementor-element-6836ae9 elementor-nav-menu__align-left elementor-nav-menu--dropdown-none elementor-widget elementor-widget-nav-menu\" data-id=\"6836ae9\" data-element_type=\"widget\" data-settings=\"{&quot;layout&quot;:&quot;vertical&quot;,&quot;submenu_icon&quot;:{&quot;value&quot;:&quot;&lt;i class=\\&quot;\\&quot;&gt;&lt;\\\/i&gt;&quot;,&quot;library&quot;:&quot;&quot;}}\" data-widget_type=\"nav-menu.default\">\n\t\t\t\t<div class=\"elementor-widget-container\">\n\t\t\t\t\t\t<nav migration_allowed=\"1\" migrated=\"0\" class=\"elementor-nav-menu--main elementor-nav-menu__container elementor-nav-menu--layout-vertical e--pointer-text e--animation-none\">\n\t\t\t\t<ul id=\"menu-1-6836ae9\" class=\"elementor-nav-menu sm-vertical\"><li class=\"menu-item menu-item-type-post_type menu-item-object-page menu-item-3578\"><a href=\"https:\/\/net-basis.net\/en\/geschaeftsbereiche\/business-development\/geschaeftspraesenz\/\" class=\"elementor-item\">Business Presence<\/a><\/li>\n<li class=\"menu-item menu-item-type-post_type menu-item-object-page menu-item-3577\"><a href=\"https:\/\/net-basis.net\/en\/geschaeftsbereiche\/business-development\/full-service-angebot\/\" class=\"elementor-item\">Full-Service Offer<\/a><\/li>\n<li class=\"menu-item menu-item-type-post_type menu-item-object-page menu-item-4522\"><a href=\"https:\/\/net-basis.net\/en\/geschaeftsbereiche\/business-development\/business-development-consulting-services\/\" class=\"elementor-item\">Consulting Services<\/a><\/li>\n<li class=\"menu-item menu-item-type-post_type menu-item-object-page menu-item-3583\"><a href=\"https:\/\/net-basis.net\/en\/geschaeftsbereiche\/business-development\/produktmanagement\/\" class=\"elementor-item\">Product Management<\/a><\/li>\n<li class=\"menu-item menu-item-type-post_type menu-item-object-page menu-item-3584\"><a href=\"https:\/\/net-basis.net\/en\/geschaeftsbereiche\/business-development\/projektmanagement\/\" class=\"elementor-item\">Project Management<\/a><\/li>\n<li class=\"menu-item menu-item-type-post_type menu-item-object-page menu-item-3581\"><a href=\"https:\/\/net-basis.net\/en\/geschaeftsbereiche\/business-development\/marktanalysen\/\" class=\"elementor-item\">Market Research<\/a><\/li>\n<li class=\"menu-item menu-item-type-post_type menu-item-object-page menu-item-3582\"><a href=\"https:\/\/net-basis.net\/en\/geschaeftsbereiche\/business-development\/markteintrittsstrategien\/\" class=\"elementor-item\">Market Entry Strategy<\/a><\/li>\n<li class=\"menu-item menu-item-type-post_type menu-item-object-page menu-item-3579\"><a href=\"https:\/\/net-basis.net\/en\/geschaeftsbereiche\/business-development\/importmanagement\/\" class=\"elementor-item\">Import Management<\/a><\/li>\n<li class=\"menu-item menu-item-type-post_type menu-item-object-page menu-item-3580\"><a href=\"https:\/\/net-basis.net\/en\/geschaeftsbereiche\/business-development\/internationaler-handel\/\" class=\"elementor-item\">International Trade<\/a><\/li>\n<li class=\"menu-item menu-item-type-post_type menu-item-object-page menu-item-3585\"><a href=\"https:\/\/net-basis.net\/en\/geschaeftsbereiche\/business-development\/technischer-support\/\" class=\"elementor-item\">Technical Support<\/a><\/li>\n<\/ul>\t\t\t<\/nav>\n\t\t\t\t\t\t<nav class=\"elementor-nav-menu--dropdown elementor-nav-menu__container\" aria-hidden=\"true\">\n\t\t\t\t<ul id=\"menu-2-6836ae9\" class=\"elementor-nav-menu sm-vertical\"><li class=\"menu-item menu-item-type-post_type menu-item-object-page menu-item-3578\"><a href=\"https:\/\/net-basis.net\/en\/geschaeftsbereiche\/business-development\/geschaeftspraesenz\/\" class=\"elementor-item\" tabindex=\"-1\">Business Presence<\/a><\/li>\n<li class=\"menu-item menu-item-type-post_type menu-item-object-page menu-item-3577\"><a href=\"https:\/\/net-basis.net\/en\/geschaeftsbereiche\/business-development\/full-service-angebot\/\" class=\"elementor-item\" tabindex=\"-1\">Full-Service Offer<\/a><\/li>\n<li class=\"menu-item menu-item-type-post_type menu-item-object-page menu-item-4522\"><a href=\"https:\/\/net-basis.net\/en\/geschaeftsbereiche\/business-development\/business-development-consulting-services\/\" class=\"elementor-item\" tabindex=\"-1\">Consulting Services<\/a><\/li>\n<li class=\"menu-item menu-item-type-post_type menu-item-object-page menu-item-3583\"><a href=\"https:\/\/net-basis.net\/en\/geschaeftsbereiche\/business-development\/produktmanagement\/\" class=\"elementor-item\" tabindex=\"-1\">Product Management<\/a><\/li>\n<li class=\"menu-item menu-item-type-post_type menu-item-object-page menu-item-3584\"><a href=\"https:\/\/net-basis.net\/en\/geschaeftsbereiche\/business-development\/projektmanagement\/\" class=\"elementor-item\" tabindex=\"-1\">Project Management<\/a><\/li>\n<li class=\"menu-item menu-item-type-post_type menu-item-object-page menu-item-3581\"><a href=\"https:\/\/net-basis.net\/en\/geschaeftsbereiche\/business-development\/marktanalysen\/\" class=\"elementor-item\" tabindex=\"-1\">Market Research<\/a><\/li>\n<li class=\"menu-item menu-item-type-post_type menu-item-object-page menu-item-3582\"><a href=\"https:\/\/net-basis.net\/en\/geschaeftsbereiche\/business-development\/markteintrittsstrategien\/\" class=\"elementor-item\" tabindex=\"-1\">Market Entry Strategy<\/a><\/li>\n<li class=\"menu-item menu-item-type-post_type menu-item-object-page menu-item-3579\"><a href=\"https:\/\/net-basis.net\/en\/geschaeftsbereiche\/business-development\/importmanagement\/\" class=\"elementor-item\" tabindex=\"-1\">Import Management<\/a><\/li>\n<li class=\"menu-item menu-item-type-post_type menu-item-object-page menu-item-3580\"><a href=\"https:\/\/net-basis.net\/en\/geschaeftsbereiche\/business-development\/internationaler-handel\/\" class=\"elementor-item\" tabindex=\"-1\">International Trade<\/a><\/li>\n<li class=\"menu-item menu-item-type-post_type menu-item-object-page menu-item-3585\"><a href=\"https:\/\/net-basis.net\/en\/geschaeftsbereiche\/business-development\/technischer-support\/\" class=\"elementor-item\" tabindex=\"-1\">Technical Support<\/a><\/li>\n<\/ul>\t\t\t<\/nav>\n\t\t\t\t<\/div>\n\t\t\t\t<\/div>\n\t\t\t\t\t\t<\/div>\n\t\t\t\t\t<\/div>\n\t\t<\/div>\n\t\t\t\t<div class=\"elementor-column elementor-col-50 elementor-top-column elementor-element elementor-element-b813dd0\" data-id=\"b813dd0\" data-element_type=\"column\">\n\t\t\t<div class=\"elementor-column-wrap elementor-element-populated\">\n\t\t\t\t\t\t\t<div class=\"elementor-widget-wrap\">\n\t\t\t\t\t\t<div class=\"elementor-element elementor-element-fcaeca5 elementor-widget elementor-widget-heading\" data-id=\"fcaeca5\" data-element_type=\"widget\" data-widget_type=\"heading.default\">\n\t\t\t\t<div class=\"elementor-widget-container\">\n\t\t\t<h2 class=\"elementor-heading-title elementor-size-default\">Market Entry Strategy<\/h2>\t\t<\/div>\n\t\t\t\t<\/div>\n\t\t\t\t<div class=\"elementor-element elementor-element-d585012 elementor-widget elementor-widget-text-editor\" data-id=\"d585012\" data-element_type=\"widget\" data-widget_type=\"text-editor.default\">\n\t\t\t\t<div class=\"elementor-widget-container\">\n\t\t\t\t\t\t\t\t<div class=\"elementor-text-editor elementor-clearfix\">\n\t\t\t\t<p><b>NetBasis International<\/b> is its clients\u2019 resource for identifying and developing options for starting operations in a foreign market. We undertake research to provide market intelligence that will support our clients\u2019 planning process, and ensures the best market presence for your business. Based upon our knowledge and expertise we help our manufacturer partners make key strategic decisions and grow their business into new markets.<\/p><p>Your benefit from our <em>Market Entry Strategy<\/em> services include:<\/p><ul><li>Performing market entry evaluations<\/li><li>Assisting in the general decision which markets to invest into<\/li><li>Providing planning and execution aid based on local market intelligence and expertise<\/li><li>Offering thorough analysis of potential competitors and possible customers<\/li><li>Accessing to our established distribution networks and thereby quickly gaining market share<\/li><li>Ensuring mandatory and necessary local skills to successfully run a project<\/li><\/ul>\t\t\t\t\t<\/div>\n\t\t\t\t\t\t<\/div>\n\t\t\t\t<\/div>\n\t\t\t\t\t\t<\/div>\n\t\t\t\t\t<\/div>\n\t\t<\/div>\n\t\t\t\t\t\t\t\t<\/div>\n\t\t\t\t\t<\/div>\n\t\t<\/section>\n\t\t\t\t<section class=\"elementor-section elementor-top-section elementor-element elementor-element-5941ece elementor-section-boxed elementor-section-height-default elementor-section-height-default\" data-id=\"5941ece\" data-element_type=\"section\">\n\t\t\t\t\t\t<div class=\"elementor-container elementor-column-gap-default\">\n\t\t\t\t\t\t\t<div class=\"elementor-row\">\n\t\t\t\t\t<div class=\"elementor-column elementor-col-100 elementor-top-column elementor-element elementor-element-daf93ca\" data-id=\"daf93ca\" data-element_type=\"column\">\n\t\t\t<div class=\"elementor-column-wrap elementor-element-populated\">\n\t\t\t\t\t\t\t<div class=\"elementor-widget-wrap\">\n\t\t\t\t\t\t<div class=\"elementor-element elementor-element-419abb8 elementor-widget elementor-widget-template\" data-id=\"419abb8\" data-element_type=\"widget\" data-widget_type=\"template.default\">\n\t\t\t\t<div class=\"elementor-widget-container\">\n\t\t\t\t\t<div class=\"elementor-template\">\n\t\t\t\t\t<div data-elementor-type=\"section\" data-elementor-id=\"4283\" class=\"elementor elementor-4283\">\n\t\t\t\t\t<div class=\"elementor-section-wrap\">\n\t\t\t\t\t\t\t\t<section class=\"elementor-section elementor-top-section elementor-element elementor-element-68ac129 elementor-section-boxed elementor-section-height-default elementor-section-height-default\" data-id=\"68ac129\" data-element_type=\"section\">\n\t\t\t\t\t\t<div class=\"elementor-container elementor-column-gap-default\">\n\t\t\t\t\t\t\t<div class=\"elementor-row\">\n\t\t\t\t\t<div class=\"elementor-column elementor-col-100 elementor-top-column elementor-element elementor-element-20da6775\" data-id=\"20da6775\" data-element_type=\"column\">\n\t\t\t<div class=\"elementor-column-wrap elementor-element-populated\">\n\t\t\t\t\t\t\t<div class=\"elementor-widget-wrap\">\n\t\t\t\t\t\t<div class=\"elementor-element elementor-element-4ebb7068 elementor-widget elementor-widget-heading\" data-id=\"4ebb7068\" data-element_type=\"widget\" data-widget_type=\"heading.default\">\n\t\t\t\t<div class=\"elementor-widget-container\">\n\t\t\t<h2 class=\"elementor-heading-title elementor-size-default\">NetBasis International - drive to excellence with excellent drivers !<\/h2>\t\t<\/div>\n\t\t\t\t<\/div>\n\t\t\t\t\t\t<\/div>\n\t\t\t\t\t<\/div>\n\t\t<\/div>\n\t\t\t\t\t\t\t\t<\/div>\n\t\t\t\t\t<\/div>\n\t\t<\/section>\n\t\t\t\t\t\t\t<\/div>\n\t\t\t\t<\/div>\n\t\t\t\t<\/div>\n\t\t\t\t<\/div>\n\t\t\t\t<\/div>\n\t\t\t\t\t\t<\/div>\n\t\t\t\t\t<\/div>\n\t\t<\/div>\n\t\t\t\t\t\t\t\t<\/div>\n\t\t\t\t\t<\/div>\n\t\t<\/section>\n\t\t\t\t\t\t\t\t\t<\/div>\n\t\t\t<\/div>\n\t\t\t\t\t<\/div>","protected":false},"excerpt":{"rendered":"<p>\u00ab Business Development Markteintrittsstrategien NetBasis International ist seinen Partnern die lokale Ressource f\u00fcr Identifizierung, Entwicklung und Konzeption von Eintrittsoptionen in einen oder mehrere f\u00fcr sie neue(n) Markt\/M\u00e4rkte. Wir betreiben Marktforschung und bieten damit Markteinsicht und -informationen, um so den Planungsprozess unserer Herstellerpartner bestm\u00f6glich zu unterst\u00fctzen und f\u00fcr sie schlussendlich die beste Marktpr\u00e4senz zu erzielen. Basierend [&hellip;]<\/p>\n","protected":false},"author":3,"featured_media":0,"parent":3347,"menu_order":0,"comment_status":"closed","ping_status":"closed","template":"elementor_header_footer","meta":{"footnotes":""},"class_list":["post-3388","page","type-page","status-publish","hentry"],"_links":{"self":[{"href":"https:\/\/net-basis.net\/en\/wp-json\/wp\/v2\/pages\/3388","targetHints":{"allow":["GET"]}}],"collection":[{"href":"https:\/\/net-basis.net\/en\/wp-json\/wp\/v2\/pages"}],"about":[{"href":"https:\/\/net-basis.net\/en\/wp-json\/wp\/v2\/types\/page"}],"author":[{"embeddable":true,"href":"https:\/\/net-basis.net\/en\/wp-json\/wp\/v2\/users\/3"}],"replies":[{"embeddable":true,"href":"https:\/\/net-basis.net\/en\/wp-json\/wp\/v2\/comments?post=3388"}],"version-history":[{"count":11,"href":"https:\/\/net-basis.net\/en\/wp-json\/wp\/v2\/pages\/3388\/revisions"}],"predecessor-version":[{"id":4492,"href":"https:\/\/net-basis.net\/en\/wp-json\/wp\/v2\/pages\/3388\/revisions\/4492"}],"up":[{"embeddable":true,"href":"https:\/\/net-basis.net\/en\/wp-json\/wp\/v2\/pages\/3347"}],"wp:attachment":[{"href":"https:\/\/net-basis.net\/en\/wp-json\/wp\/v2\/media?parent=3388"}],"curies":[{"name":"wp","href":"https:\/\/api.w.org\/{rel}","templated":true}]}}